{"id":1012,"date":"2024-11-06T22:46:50","date_gmt":"2024-11-06T22:46:50","guid":{"rendered":"https:\/\/kommunalismus.org\/?page_id=1012"},"modified":"2024-11-06T22:46:50","modified_gmt":"2024-11-06T22:46:50","slug":"grundlagentext-was-verstehen-wir-unter-kommunalismus","status":"publish","type":"page","link":"https:\/\/kommunalismus.org\/?page_id=1012","title":{"rendered":"Grundlagentext &#8222;Was verstehen wir unter Kommunalismus?&#8220;"},"content":{"rendered":"\n<p id=\"o1\"><strong>Der Kommunalismus strebt eine Gesellschaft an, die auf kommunalen Vollversammlungen und R\u00e4ten aufgebaut ist.<\/strong><\/p>\n\n\n\n<p>Aufgrund der \u00dcberzeugung, dass die Menschen f\u00e4hig sind, ihr Leben selbst in die Hand zu nehmen und kollektiv zu gestalten, ist die lokale Ebene der wichtigste Ort, an dem politische Entscheidungen getroffen werden. Alternativ wird auch von Basisdemokratie oder Selbstverwaltung gesprochen.<\/p>\n\n\n\n<p>In diesem Sinn ist auch die Praxis der Stadtteilarbeit und der Basisorganisierung kommunalistisch, selbst wenn sich die entsprechenden Gruppen nicht explizit so bezeichnen. \u00abKommunal\u00bb kann, je nach \u00f6rtlichem Kontext, z. B. die Quartiers-, Bezirks-, Stadt-, Gemeinde oder Dorfebene sein.<\/p>\n\n\n\n<p>Der Begriff des \u00abKommunalismus\u00bb wurde zuletzt vor allem durch Murray Bookchin (1921-2006) gepr\u00e4gt. Die lebendige Bewegung ist jedoch \u00e4lter und geht \u00fcber ihn und sein Werk hinaus. Sie umfasst historische Beispiele wie die Pariser Kommune von 1871 und aktuelle Bewegungen wie die Selbstverwaltung in Nord- und Ostsyrien (Rojava).<\/p>\n\n\n\n<p><strong>\u00dcberregional und transnational koordinieren sich die Kommunen in der Form von Konf\u00f6derationen.<\/strong><\/p>\n\n\n\n<p>Alternative Begriffe f\u00fcr Konf\u00f6deration sind: \u00abKommune der Kommunen\u00bb oder \u00abVollversammlung der Vollversammlungen\u00bb. Die Konf\u00f6deration wird als Gegenmodell zu Nationalstaat und repr\u00e4sentativer Demokratie angesehen. Daraus ergibt sich eine revolution\u00e4re Dual-Power-Strategie und so zugleich eine Auseinandersetzung mit dem Staat um Organisationskraft und Legitimit\u00e4t.<\/p>\n\n\n\n<p><strong>Kommunalismus ist antiautorit\u00e4r, antikapitalistisch und richtet sich gegen jede Form von Herrschaft.<\/strong><\/p>\n\n\n\n<p>Staat, Zentralismus, Top-down-Regierung, Klassenherrschaft, Patriarchat, LGBTIAQ+-feindlichkeit, Rassismus, (Neo-)Kolonialismus, die Ausbeutung der Natur und andere Herrschaftsformen werden in intersektionaler Perspektive analysiert und abgelehnt.<\/p>\n\n\n\n<p><strong>Kommunalistische \u00abPolitik\u00bb ist die kollektive Praxis direktdemokratischen Debattierens und Handelns.<\/strong><br>Politische Freiheit bedeutet, als Teil eines Kollektivs gemeinsam politische Entscheidungen zu treffen. Dies ist eine Praxis, die einge\u00fcbt werden muss und deshalb auch eine gewisse Fehlertoleranz erfordert. Es handelt sich um eine bewusste Abkehr vom \u00fcblichen Politikbegriff, der auf B\u00fcrokratie, Parteiinteressen, Elektoralismus und repr\u00e4sentativer Demokratie (als Vertretung und Abdankung) beruht. Das hei\u00dft nicht, dass es in kommunalistischen Bewegungen keinen Platz f\u00fcr partei\u00e4hnliche Organisationen gibt. Sie k\u00f6nnen eine wichtige Rolle spielen, aber sie sind basisdemokratisch aufgebaut und besitzen keine politische Entscheidungsmacht. Diese bleibt in den Vollversammlungen.<\/p>\n\n\n\n<p><strong>Kommunalismus hat eine \u00f6kologische Dimension.<\/strong><\/p>\n\n\n\n<p>\u00d6kologie wird im Kommunalismus nicht lediglich als Umweltschutz und \u00abNachhaltigkeit\u00bb verstanden, sondern politisch. Da die Herrschaft von Menschen \u00fcber Menschen und die Idee der Herrschaft \u00fcber die Natur als untrennbar miteinander verkn\u00fcpft begriffen werden, ist hier von vornherein die Rede von \u00absozialer \u00d6kologie\u00bb.<\/p>\n\n\n\n<p>Umwelt- und Klimagerechtigkeitsk\u00e4mpfe, deren Praxis auf einer solchen Theoriegrundlage fu\u00dft, sind besser darauf vorbereitet, eine wirkliche sozial-\u00f6kologische Transformation zu erreichen und nicht in die Fallen von blo\u00dfer Symbolik, Appellen zur M\u00e4\u00dfigung und Rekuperation durch das kapitalistische System zu tappen.<\/p>\n\n\n\n<p>Ein gutes Beispiel f\u00fcr Umwelt- und Klimagerechtigkeitsk\u00e4mpfe im kommunalistischen Sinn sind Waldbesetzungen, die territoriale und basisdemokratische Aspekte miteinander verbinden.<\/p>\n\n\n\n<p><strong>Kommunalismus hat eine feministische Dimension.<\/strong><\/p>\n\n\n\n<p>Historisch sind soziale \u00d6kologie und Kommunalismus eng mit feministischen Bewegungen verbunden. So werden am Institute for Social Ecology (ISE) bis heute regelm\u00e4\u00dfig Kurse zu sozialem \u00d6kofeminismus angeboten. In der Theorie von Murray Bookchin bildet die Analyse des Patriarchats einen wichtigen Eckstein, um die Funktionsweise vieler heutiger Gesellschaften zu erkl\u00e4ren.<\/p>\n\n\n\n<p><strong>Kommunalismus hat eine \u00f6konomische Dimension.<\/strong><\/p>\n\n\n\n<p>Kommunalist*innen fordern eine Wirtschaft, die nicht Profit, sondern Sorgearbeit und die Erf\u00fcllung von Bed\u00fcrfnissen ins Zentrum stellt. Ziel ist das \u00abgute Leben f\u00fcr alle\u00bb. Der Kommunalismus strebt eine Wirtschaft an, in der die Produktion und Reproduktion basisdemokratisch geplant wird. Das kann je nach \u00f6rtlichem Kontext durch Vollversammlungen, kommunale R\u00e4te oder auch Arbeiter*innenr\u00e4te geschehen. Der Kommunalismus weist deshalb gro\u00dfe Schnittmengen mit Anarchosyndikalismus, R\u00e4tekommunismus, autonomen, basisdemokratischen Arbeiter*innenbewegungen sowie Especifismo, anarchokommunistischen und plattformistischen Bewegungen auf.<\/p>\n\n\n\n<p><strong>Kommunalismus schafft basisdemokratische Institutionen.<\/strong><\/p>\n\n\n\n<p>Die Transformation der Gesellschaft (System Change) wird als soziale Revolution verstanden. Diese besteht prim\u00e4r darin, basisdemokratische Strukturen und Institutionen als \u00abFormen der Freiheit\u00bb (Murray Bookchin) aufzubauen und zu festigen.<\/p>\n\n\n\n<p><strong>Kommunalismus agiert innerhalb und au\u00dferhalb von Institutionen.<\/strong><\/p>\n\n\n\n<p>Kommunalismus richtet sich an den bereits umrissenen Prinzipien aus, ist jedoch bewusst nicht abgeschlossen oder dogmatisch. So kommt es, dass nicht alle Kommunalist*innen die Strategie des \u00ablibert\u00e4ren Munizipalismus\u00bb oder andere Munizipalismen bef\u00fcrworten, die eine Teilnahme an Lokalwahlen beinhalten. Obwohl es viele munizipalistische Erfahrungen gibt, die Mut machen, gibt es Kommunalist*innen, die sich ausschlie\u00dflich auf den au\u00dfer-institutionellen Weg konzentrieren.<\/p>\n\n\n\n<p><strong>Wir denken, dass der Begriff des \u00abKommunalismus\u00bb geeignet ist, nicht-reformistische basisdemokratische Bewegungen zu einer vielf\u00e4ltigen Einheit zusammenzufassen und als solche sichtbar werden zu lassen.<\/strong><\/p>\n\n\n\n<p><strong>Deshalb rufen wir euch auf: Vernetzen wir uns, um einen breiten Diskurs \u00fcber \u00abKommunalismus\u00bb entstehen zu lassen und die Bildung eines kommunalistischen Pols zu bef\u00f6rdern!<\/strong><\/p>\n\n\n\n<p><strong>Schaffen wir ein Angebot, das basisdemokratisch eingestellten Einzelpersonen und Gruppen die M\u00f6glichkeit gibt, sich als Teil einer gemeinsamen Bewegung zu verstehen und zu engagieren!<\/strong><\/p>\n\n\n\n<div style=\"height:11px\" aria-hidden=\"true\" class=\"wp-block-spacer\"><\/div>\n\n\n\n<figure class=\"wp-block-image aligncenter size-full is-resized\"><img loading=\"lazy\" decoding=\"async\" width=\"512\" height=\"512\" src=\"https:\/\/kommunalismus.org\/wp-content\/uploads\/2024\/09\/cropped-rz_logonfk_4c.jpg\" alt=\"\" class=\"wp-image-969\" style=\"width:256px;height:auto\" srcset=\"https:\/\/kommunalismus.org\/wp-content\/uploads\/2024\/09\/cropped-rz_logonfk_4c.jpg 512w, https:\/\/kommunalismus.org\/wp-content\/uploads\/2024\/09\/cropped-rz_logonfk_4c-300x300.jpg 300w, https:\/\/kommunalismus.org\/wp-content\/uploads\/2024\/09\/cropped-rz_logonfk_4c-150x150.jpg 150w, https:\/\/kommunalismus.org\/wp-content\/uploads\/2024\/09\/cropped-rz_logonfk_4c-270x270.jpg 270w, https:\/\/kommunalismus.org\/wp-content\/uploads\/2024\/09\/cropped-rz_logonfk_4c-192x192.jpg 192w, https:\/\/kommunalismus.org\/wp-content\/uploads\/2024\/09\/cropped-rz_logonfk_4c-180x180.jpg 180w, https:\/\/kommunalismus.org\/wp-content\/uploads\/2024\/09\/cropped-rz_logonfk_4c-32x32.jpg 32w\" sizes=\"auto, (max-width: 512px) 100vw, 512px\" \/><\/figure>\n\n\n\n<div style=\"height:11px\" aria-hidden=\"true\" class=\"wp-block-spacer\"><\/div>\n\n\n\n<hr class=\"wp-block-separator has-alpha-channel-opacity\"\/>\n\n\n\n<p><em>Anmerkung: Dieser Text ist nicht &#8222;in Stein gemeisselt&#8220;, sondern kann und soll (konsensbasiert) jederzeit aktualisiert werden<\/em>. <em>Er basiert auf der <a href=\"https:\/\/kommunalismus.org\/?page_id=787\" data-type=\"link\" data-id=\"https:\/\/kommunalismus.org\/?page_id=787\">Einladung<\/a> zum ersten Vernetzungstreffen von 2024.<\/em><\/p>\n\n\n\n<p><\/p>\n","protected":false},"excerpt":{"rendered":"<p>Der Kommunalismus strebt eine Gesellschaft an, die auf kommunalen Vollversammlungen und R\u00e4ten aufgebaut ist. Aufgrund der \u00dcberzeugung, dass die Menschen f\u00e4hig sind, ihr Leben selbst in die Hand zu nehmen und kollektiv zu gestalten, ist die lokale Ebene der wichtigste Ort, an dem politische Entscheidungen getroffen werden. Alternativ wird auch von Basisdemokratie oder Selbstverwaltung gesprochen. [&hellip;]<\/p>\n","protected":false},"author":1,"featured_media":0,"parent":0,"menu_order":0,"comment_status":"closed","ping_status":"closed","template":"","meta":{"footnotes":""},"class_list":["post-1012","page","type-page","status-publish","hentry"],"_links":{"self":[{"href":"https:\/\/kommunalismus.org\/index.php?rest_route=\/wp\/v2\/pages\/1012","targetHints":{"allow":["GET"]}}],"collection":[{"href":"https:\/\/kommunalismus.org\/index.php?rest_route=\/wp\/v2\/pages"}],"about":[{"href":"https:\/\/kommunalismus.org\/index.php?rest_route=\/wp\/v2\/types\/page"}],"author":[{"embeddable":true,"href":"https:\/\/kommunalismus.org\/index.php?rest_route=\/wp\/v2\/users\/1"}],"replies":[{"embeddable":true,"href":"https:\/\/kommunalismus.org\/index.php?rest_route=%2Fwp%2Fv2%2Fcomments&post=1012"}],"version-history":[{"count":2,"href":"https:\/\/kommunalismus.org\/index.php?rest_route=\/wp\/v2\/pages\/1012\/revisions"}],"predecessor-version":[{"id":1014,"href":"https:\/\/kommunalismus.org\/index.php?rest_route=\/wp\/v2\/pages\/1012\/revisions\/1014"}],"wp:attachment":[{"href":"https:\/\/kommunalismus.org\/index.php?rest_route=%2Fwp%2Fv2%2Fmedia&parent=1012"}],"curies":[{"name":"wp","href":"https:\/\/api.w.org\/{rel}","templated":true}]}}